

{"id":201,"date":"2019-10-30T09:57:48","date_gmt":"2019-10-30T08:57:48","guid":{"rendered":"http:\/\/lamole-dev.aqdemo.it\/?page_id=201"},"modified":"2019-10-30T09:57:48","modified_gmt":"2019-10-30T08:57:48","slug":"privacy-policy","status":"publish","type":"page","link":"https:\/\/lamoro.lamole.com\/en\/privacy-policy\/","title":{"rendered":"Privacy Policy"},"content":{"rendered":"<h2><strong>INFORMATION<\/strong> NOTICE REGARDING THE PROCESSING OF PERSONAL DATA IN ACCORDANCE WITH EU REGULATION 2016\/679 (\u201cGDPR\u201d)<\/h2>\n<p>DATA CONTROLLER<br \/>\nS.M. TENIMENTI PILE E LAMOLE E VISTARENNI E SAN DISDAGIO S.r.l. &#8211; Societ\u00e0 Agricola con sede in Via Citille 43B, localit\u00e0 Greti 50022 GREVE IN CHIANTI (FI), Italy Tel. +39 055\/9331411, Fiscal Code and VAT. 00308350529, email address privacy@smtenimenti.com (\u201cCompany\u201d).<\/p>\n<p><strong>1 \u2013 DATA PROCESSING PURPOSES<\/strong><br \/>\n1.1 \u2013 Contractual purposes: view the web pages and utilize the services offered, including the sale of products, on the website www.lamole.com (\u201cWebsite\u201d)<\/p>\n<p>1.2 \u2013 Marketing purposes: the sending, through automated messaging systems (including txt, mms and e-mail) and by traditional methods (such as traditional mailings and phone calls), of promotional and commercial messages concerning the products\/services offered by the Company or announcements about company events, as well as for market research purposes and statistical analyses.<\/p>\n<p>1.3 \u2013 Third party marketing: the sending, through automated methods of contact (including txt, mms and e-mail) of promotional and commercial communications relating to products offered by third-party companies belonging to Santa Margherita Wine Group. These companies are the following: Santa Margherita S.p.A., C\u00e0 Maiol S.r.l. societ\u00e0 agricola, Cantina Mesa societ\u00e0 agricola.<\/p>\n<p>1.4 \u2013 Legal obligations: to comply with the obligations specified in the applicable national and international regulations.<\/p>\n<p>1.5 \u2013 Mailing of newsletters: only if requested by the user, who must register to benefit from this service.<\/p>\n<p>1.6 \u2013 Rights of Data Controller: if necessary, to ascertain, exercise or defend the Company\u2019s rights in legal proceedings.<\/p>\n<p>1.7 \u2013 Extra-judicial credit recovery: in order to allow the Company to recover its receivables without resorting to legal actions.<\/p>\n<p>1.8 \u2013 Functioning of the Website: during their normal operation, the information processing systems and software programs that allow the Website to function, acquire some personal data whose transmission is implicit in the web communication protocols. This information are not collected in order to be associated with the interested parties, but because of its nature, through additional processing and association with other data in the possession of the Company or of third parties, they could lead to the identification of the Website\u2019s users.<\/p>\n<p><strong>2 \u2013 LEGAL BASIS FOR PROCESSING DATA<\/strong><br \/>\n2.1 \u2013 Contractual purposes: the execution of a contract you are a party to.<\/p>\n<p>2.2 \u2013 Marketing and profiling purposes: consent (optional, can be revoked at any time).<\/p>\n<p>2.3 \u2013 Legal obligations: need to comply with legal obligations.<\/p>\n<p>2.4 \u2013 Mailing of newsletters: execution of a contract you are a party to, i.e. the subscription to the newsletter.<\/p>\n<p>2.5 \u2013 Rights of the Data Controller and extra-judicial credit recovery: legitimate interest.<\/p>\n<p><strong>3 \u2013 DATA RETENTION PERIOD<\/strong><br \/>\n3.1 \u2013 Contractual purposes, legal obligations: valid for the entire duration of the contract, and for 10 years after its termination.<\/p>\n<p>3.2 \u2013 Mailing of newsletters, marketing and profiling purposes: valid until the revocation of consent for said purposes. Only the data concerning details of purchases, if made, will be stored and processed for the terms indicated in the regulations issued by the Authority for the protection of personal data, dated 24 February 2005, and subsequent modifications, i.e. 24 months.<\/p>\n<p>3.3 \u2013 Rights of the Head of Data Treatment and extrajudicial credit recovery: in the case of legal proceedings, for the entire duration of the same, until the expiration of the term of availability of appeals.<\/p>\n<p>3.4 \u2013 Functioning of the Website: for the entire duration of the user\u2019s navigation of the Website.<br \/>\nWhen the terms of data storage indicated above have expired, your personal data will be destroyed, cancelled or made anonymous, in accordance with the technical cancellation and backup procedures.<\/p>\n<p><strong>4.1 \u2013 PERSONAL DATA TREATED FOR CONTRACTUAL PURPOSES \u2013 LEGAL OBLIGATIONS \u2013 RIGHTS OF THE DATA CONTROLLER \u2013 CREDIT RECOVERY<\/strong><br \/>\nPersonal data, contact information, administrative-accounting data.<\/p>\n<p><strong>4.2 \u2013 PERSONAL DATA TREATED FOR MARKETING AND PROFILING PURPOSES<\/strong><br \/>\nPersonal data, contact information, administrative-accounting data, data concerning purchases made on the Website, data collected by cookies installed on the Website.<br \/>\nFor more information on cookies, please see: https:\/\/www.lamole.com\/it\/privacy\/privacypage\/2<\/p>\n<p><strong>4.3 \u2013 PERSONAL DATA TREATED FOR THE PURPOSE OF MAILING NEWSLETTERS<\/strong><br \/>\nContact information.<\/p>\n<p><strong>4.4 \u2013 PERSONAL DATA TREATED FOR FUNCTIONING OF THE WEBSITE<\/strong><br \/>\nIP addresses or domain names of the computers utilized by Website users, URI (Uniform Resource Identifier) addresses of the resources requested, the time of the requests, the method utilized to submit the request to the server, the dimensions of the file obtained in reply, the numeric code indicating the reply issued by the server (good outcome, error, etc.), other parameters concerning the user\u2019s operating system and IT environment, information about the user\u2019s behavior on the Website, the pages viewed or searched for, in order to select and personalize specific messages sent to the user by the Website and the data relative to the user\u2019s behavior on the Website collected, for example, by using cookies.<\/p>\n<p><strong>5 \u2013 DATA SUBMISSION REQUIREMENT<\/strong><br \/>\nThe submission of personal data referred to in point 4.1 above, for the purposes indicated in point 1.1, is obligatory. This means that refusal to submit the abovementioned personal data makes it impossible to utilize the Website services to reserve or purchase products.<br \/>\nSubmission of personal data as per point 4.2, for the purposes indicated in points 1.2 and 1.3, is voluntary and depends on the user\u2019s consent.<br \/>\nSome of the personal data specified as per point 4.4 are strictly necessary to the functioning of the Website, while others are used only to collect statistical information in anonymous form, on the use of the Website, and to check on its proper functioning, and are erased immediately after they are processed. In treating personal data that can, directly or indirectly, indicate your identity, we try to adhere to the principle of strict necessity. For this reason, we have designed the Website to require a minimum of personal data, so as to limit the treatment of the personal data that can identify you to only those instances in which it is strictly necessary, or at the request of the authorities or the police (such as, for example, the data relative to traffic and the time you spend on the Website, or your IP address), or to ascertain responsibility in the case of hypothetical criminal hacking of the Website or digital fraud.<\/p>\n<p><strong>6 \u2013 DATA RECIPIENTS<\/strong><br \/>\nPersonal data may be treated by third parties operating as autonomous Data Managers, such as, for example, oversight authorities and control bodies and, in general, private or public subjects that can legitimately request access to the data.<br \/>\nPersonal data may also be treated on behalf of the Company by third parties designated as Data Managers, who are provided with adequate operational instructions.<br \/>\nThese subjects can be subdivided into the following basic categories:<br \/>\na. companies belonging to Zignago Group such as, for example, Santa Margherita S.p.A. for marketing services, Zignago Holding SpA, for General Legal Services, Zignago Servizi S.r.l. for HR services (including payroll processing);<br \/>\nb. companies offering email mailing services;<br \/>\nc. companies offering Website maintenance and development services;<br \/>\nd. press offices or companies offering services involving event organization;<br \/>\ne. companies offering e-commerce services;<br \/>\nf. companies offering support in the realization of market research and customer satisfaction studies.<\/p>\n<p><strong>7 \u2013 SUBJECTS AUTHORIZED TO TREAT DATA<\/strong><br \/>\nYour data may be processed by employees of the Company functions assigned to pursue the purposes indicated above. They are expressly authorized to treat the data and have received appropriate operating instructions.<\/p>\n<p>The data provided as per point 4.4 \u2013 collected during Website navigation \u2013 will be processed by Company employees and collaborators or third parties specifically charged with and responsible for the processing, who perform technical and organizational tasks for the Company on its Website.<\/p>\n<p><strong>8 \u2013 YOUR RIGHTS AS A PARTY INTERESTED IN THE TREATMENT \u2013 COMPLAINTS TO THE OVERSIGHT AUTHORITY<\/strong><br \/>\nBy contacting the Company via email at privacy@smtenimenti.com you can request access to your data, their cancellation, correction of inaccurate data, integration of additional data or object to their treatment in cases specified in art. 18 of the GDPR, as well as oppose treatment in the hypothesis of the Company\u2019s legitimate interest.<br \/>\nIn addition, in the case in which data treatment depends on consent or a contractual agreement and is carried out by automated means, you are entitled to receive, in a structured, legible format for common use, your personal data and, if technically feasible, to transmit them to another Head of Data Treatment without impediment.<br \/>\nYou have a right to revoke your consent to treatment of your personal data for marketing and\/or profiling purposes at any time, and may also object to the treatment of the same for marketing purposes, including the profiling involved in direct marketing. You may also choose to be contacted for the abovementioned purposes solely by traditional means, and object only to receiving communication by automated means.<br \/>\nYou are entitled to file a claim with the oversight authority of the member nation in which you normally reside or work, or of the country in which the purported violation occurred.<\/p>\n<p><strong>9 \u2013 DATA PROTECTION<\/strong><br \/>\nYour personal data will be processed using automated means, for the time strictly necessary to achieve the objectives for which they were collected and in line with the principle of necessity and proportionality, avoiding the treatment of personal data whenever it is possible to instead utilize anonymous data or alternative modalities.<br \/>\nWe employ specific security measures to prevent the loss of personal data, its illicit or improper use and unauthorized access, but we ask you to keep in mind that to ensure the confidentiality of your data, you must have instruments such as an updated antivirus program on your device, and the internet service provider you utilize must guarantee data security through firewalls, anti-spam filters and other analogous systems.<\/p>\n","protected":false},"excerpt":{"rendered":"<p>INFORMATION NOTICE REGARDING THE PROCESSING OF PERSONAL DATA IN ACCORDANCE WITH EU REGULATION 2016\/679 (\u201cGDPR\u201d) DATA CONTROLLER S.M. TENIMENTI PILE E LAMOLE E VISTARENNI E SAN DISDAGIO S.r.l. &#8211; Societ\u00e0 Agricola con sede in Via Citille 43B, localit\u00e0 Greti 50022 GREVE IN CHIANTI (FI), Italy Tel. +39 055\/9331411, Fiscal Code and VAT. 00308350529, email address [&hellip;]<\/p>\n","protected":false},"author":1,"featured_media":0,"parent":0,"menu_order":0,"comment_status":"closed","ping_status":"open","template":"","meta":{"_acf_changed":false,"footnotes":""},"class_list":["post-201","page","type-page","status-publish","hentry"],"acf":[],"yoast_head":"<!-- This site is optimized with the Yoast SEO plugin v27.3 - https:\/\/yoast.com\/product\/yoast-seo-wordpress\/ -->\n<title>Privacy Policy - Lamole di Lamole<\/title>\n<meta name=\"robots\" content=\"index, follow, max-snippet:-1, max-image-preview:large, max-video-preview:-1\" \/>\n<link rel=\"canonical\" href=\"http:\/\/lamoro.lamole.com\/privacy-policy\/\" \/>\n<meta property=\"og:locale\" content=\"en_US\" \/>\n<meta property=\"og:type\" content=\"article\" \/>\n<meta property=\"og:title\" content=\"Privacy Policy - Lamole di Lamole\" \/>\n<meta property=\"og:description\" content=\"INFORMATION NOTICE REGARDING THE PROCESSING OF PERSONAL DATA IN ACCORDANCE WITH EU REGULATION 2016\/679 (\u201cGDPR\u201d) DATA CONTROLLER S.M. TENIMENTI PILE E LAMOLE E VISTARENNI E SAN DISDAGIO S.r.l. &#8211; Societ\u00e0 Agricola con sede in Via Citille 43B, localit\u00e0 Greti 50022 GREVE IN CHIANTI (FI), Italy Tel. +39 055\/9331411, Fiscal Code and VAT. 00308350529, email address [&hellip;]\" \/>\n<meta property=\"og:url\" content=\"http:\/\/lamoro.lamole.com\/privacy-policy\/\" \/>\n<meta property=\"og:site_name\" content=\"Lamole di Lamole\" \/>\n<meta name=\"twitter:card\" content=\"summary_large_image\" \/>\n<meta name=\"twitter:label1\" content=\"Est. reading time\" \/>\n\t<meta name=\"twitter:data1\" content=\"8 minutes\" \/>\n<script type=\"application\/ld+json\" class=\"yoast-schema-graph\">{\"@context\":\"https:\\\/\\\/schema.org\",\"@graph\":[{\"@type\":\"WebPage\",\"@id\":\"http:\\\/\\\/lamoro.lamole.com\\\/privacy-policy\\\/\",\"url\":\"http:\\\/\\\/lamoro.lamole.com\\\/privacy-policy\\\/\",\"name\":\"Privacy Policy - Lamole di Lamole\",\"isPartOf\":{\"@id\":\"https:\\\/\\\/lamoro.lamole.com\\\/#website\"},\"datePublished\":\"2019-10-30T08:57:48+00:00\",\"breadcrumb\":{\"@id\":\"http:\\\/\\\/lamoro.lamole.com\\\/privacy-policy\\\/#breadcrumb\"},\"inLanguage\":\"en-US\",\"potentialAction\":[{\"@type\":\"ReadAction\",\"target\":[\"http:\\\/\\\/lamoro.lamole.com\\\/privacy-policy\\\/\"]}]},{\"@type\":\"BreadcrumbList\",\"@id\":\"http:\\\/\\\/lamoro.lamole.com\\\/privacy-policy\\\/#breadcrumb\",\"itemListElement\":[{\"@type\":\"ListItem\",\"position\":1,\"name\":\"Home\",\"item\":\"http:\\\/\\\/lamoro.lamole.com\\\/\"},{\"@type\":\"ListItem\",\"position\":2,\"name\":\"Privacy Policy\"}]},{\"@type\":\"WebSite\",\"@id\":\"https:\\\/\\\/lamoro.lamole.com\\\/#website\",\"url\":\"https:\\\/\\\/lamoro.lamole.com\\\/\",\"name\":\"Lamole di Lamole\",\"description\":\"LAM\u2019ORO \u00e8 vino di roccia e di luce.\",\"alternateName\":\"Lam'oro\",\"potentialAction\":[{\"@type\":\"SearchAction\",\"target\":{\"@type\":\"EntryPoint\",\"urlTemplate\":\"https:\\\/\\\/lamoro.lamole.com\\\/?s={search_term_string}\"},\"query-input\":{\"@type\":\"PropertyValueSpecification\",\"valueRequired\":true,\"valueName\":\"search_term_string\"}}],\"inLanguage\":\"en-US\"}]}<\/script>\n<!-- \/ Yoast SEO plugin. -->","yoast_head_json":{"title":"Privacy Policy - Lamole di Lamole","robots":{"index":"index","follow":"follow","max-snippet":"max-snippet:-1","max-image-preview":"max-image-preview:large","max-video-preview":"max-video-preview:-1"},"canonical":"http:\/\/lamoro.lamole.com\/privacy-policy\/","og_locale":"en_US","og_type":"article","og_title":"Privacy Policy - Lamole di Lamole","og_description":"INFORMATION NOTICE REGARDING THE PROCESSING OF PERSONAL DATA IN ACCORDANCE WITH EU REGULATION 2016\/679 (\u201cGDPR\u201d) DATA CONTROLLER S.M. TENIMENTI PILE E LAMOLE E VISTARENNI E SAN DISDAGIO S.r.l. &#8211; Societ\u00e0 Agricola con sede in Via Citille 43B, localit\u00e0 Greti 50022 GREVE IN CHIANTI (FI), Italy Tel. +39 055\/9331411, Fiscal Code and VAT. 00308350529, email address [&hellip;]","og_url":"http:\/\/lamoro.lamole.com\/privacy-policy\/","og_site_name":"Lamole di Lamole","twitter_card":"summary_large_image","twitter_misc":{"Est. reading time":"8 minutes"},"schema":{"@context":"https:\/\/schema.org","@graph":[{"@type":"WebPage","@id":"http:\/\/lamoro.lamole.com\/privacy-policy\/","url":"http:\/\/lamoro.lamole.com\/privacy-policy\/","name":"Privacy Policy - Lamole di Lamole","isPartOf":{"@id":"https:\/\/lamoro.lamole.com\/#website"},"datePublished":"2019-10-30T08:57:48+00:00","breadcrumb":{"@id":"http:\/\/lamoro.lamole.com\/privacy-policy\/#breadcrumb"},"inLanguage":"en-US","potentialAction":[{"@type":"ReadAction","target":["http:\/\/lamoro.lamole.com\/privacy-policy\/"]}]},{"@type":"BreadcrumbList","@id":"http:\/\/lamoro.lamole.com\/privacy-policy\/#breadcrumb","itemListElement":[{"@type":"ListItem","position":1,"name":"Home","item":"http:\/\/lamoro.lamole.com\/"},{"@type":"ListItem","position":2,"name":"Privacy Policy"}]},{"@type":"WebSite","@id":"https:\/\/lamoro.lamole.com\/#website","url":"https:\/\/lamoro.lamole.com\/","name":"Lamole di Lamole","description":"LAM\u2019ORO \u00e8 vino di roccia e di luce.","alternateName":"Lam'oro","potentialAction":[{"@type":"SearchAction","target":{"@type":"EntryPoint","urlTemplate":"https:\/\/lamoro.lamole.com\/?s={search_term_string}"},"query-input":{"@type":"PropertyValueSpecification","valueRequired":true,"valueName":"search_term_string"}}],"inLanguage":"en-US"}]}},"jetpack_sharing_enabled":true,"_links":{"self":[{"href":"https:\/\/lamoro.lamole.com\/en\/wp-json\/wp\/v2\/pages\/201","targetHints":{"allow":["GET"]}}],"collection":[{"href":"https:\/\/lamoro.lamole.com\/en\/wp-json\/wp\/v2\/pages"}],"about":[{"href":"https:\/\/lamoro.lamole.com\/en\/wp-json\/wp\/v2\/types\/page"}],"author":[{"embeddable":true,"href":"https:\/\/lamoro.lamole.com\/en\/wp-json\/wp\/v2\/users\/1"}],"replies":[{"embeddable":true,"href":"https:\/\/lamoro.lamole.com\/en\/wp-json\/wp\/v2\/comments?post=201"}],"version-history":[{"count":1,"href":"https:\/\/lamoro.lamole.com\/en\/wp-json\/wp\/v2\/pages\/201\/revisions"}],"predecessor-version":[{"id":202,"href":"https:\/\/lamoro.lamole.com\/en\/wp-json\/wp\/v2\/pages\/201\/revisions\/202"}],"wp:attachment":[{"href":"https:\/\/lamoro.lamole.com\/en\/wp-json\/wp\/v2\/media?parent=201"}],"curies":[{"name":"wp","href":"https:\/\/api.w.org\/{rel}","templated":true}]}}